{"id":760,"date":"2025-11-29T13:37:04","date_gmt":"2025-11-29T13:37:04","guid":{"rendered":"https:\/\/martinsjostedt.com\/?page_id=760"},"modified":"2025-11-29T13:40:08","modified_gmt":"2025-11-29T13:40:08","slug":"discography-3","status":"publish","type":"page","link":"https:\/\/martinsjostedt.com\/?page_id=760","title":{"rendered":"HORIZON"},"content":{"rendered":"<div data-post-id=\"736\" class=\"insert-page insert-page-736 \">\n<figure class=\"wp-block-image size-full\" style=\"margin-top:0;margin-right:0;margin-bottom:0;margin-left:0\"><img loading=\"lazy\" decoding=\"async\" width=\"2400\" height=\"900\" src=\"https:\/\/martinsjostedt.com\/wp-content\/uploads\/2025\/11\/HEAD.png\" alt=\"\" class=\"wp-image-747\" srcset=\"https:\/\/martinsjostedt.com\/wp-content\/uploads\/2025\/11\/HEAD.png 2400w, https:\/\/martinsjostedt.com\/wp-content\/uploads\/2025\/11\/HEAD-300x113.png 300w, https:\/\/martinsjostedt.com\/wp-content\/uploads\/2025\/11\/HEAD-1024x384.png 1024w, https:\/\/martinsjostedt.com\/wp-content\/uploads\/2025\/11\/HEAD-2000x750.png 2000w\" sizes=\"auto, (max-width: 2400px) 100vw, 2400px\" \/><\/figure>\n\n\n\n<div class=\"wp-block-group has-white-background-color has-background has-global-padding is-content-justification-center is-layout-constrained wp-container-core-group-is-layout-eb1b5ee2 wp-block-group-is-layout-constrained\" style=\"margin-top:0;margin-bottom:0;padding-top:var(--wp--preset--spacing--small);padding-right:0;padding-bottom:var(--wp--preset--spacing--small);padding-left:0\">\n<div class=\"wp-block-columns are-vertically-aligned-center is-not-stacked-on-mobile is-layout-flex wp-container-core-columns-is-layout-28f84493 wp-block-columns-is-layout-flex\">\n<div class=\"wp-block-column is-vertically-aligned-center is-layout-flow wp-block-column-is-layout-flow\">\n<div class=\"wp-block-buttons is-content-justification-center is-layout-flex wp-container-core-buttons-is-layout-a89b3969 wp-block-buttons-is-layout-flex\">\n<div class=\"wp-block-button\"><a class=\"wp-block-button__link has-white-color has-tertiary-background-color has-text-color has-background has-link-color wp-element-button\" style=\"border-radius:25px\">AS A LEADER<\/a><\/div>\n<\/div>\n<\/div>\n\n\n\n<div class=\"wp-block-column is-vertically-aligned-center is-layout-flow wp-block-column-is-layout-flow\">\n<div class=\"wp-block-buttons is-content-justification-center is-layout-flex wp-container-core-buttons-is-layout-a89b3969 wp-block-buttons-is-layout-flex\">\n<div class=\"wp-block-button\"><a class=\"wp-block-button__link has-white-color has-tertiary-background-color has-text-color has-background has-link-color wp-element-button\" style=\"border-radius:25px\">AS A CO-LEADER &amp; ARRANGER<\/a><\/div>\n<\/div>\n<\/div>\n\n\n\n<div class=\"wp-block-column is-vertically-aligned-center is-layout-flow wp-block-column-is-layout-flow\">\n<div class=\"wp-block-buttons is-content-justification-center is-layout-flex wp-container-core-buttons-is-layout-a89b3969 wp-block-buttons-is-layout-flex\">\n<div class=\"wp-block-button\"><a class=\"wp-block-button__link has-white-color has-tertiary-background-color has-text-color has-background has-link-color wp-element-button\" style=\"border-radius:25px\">AS A SIDEMAN<\/a><\/div>\n<\/div>\n<\/div>\n<\/div>\n<\/div>\n<\/div>\n\n\n\n<div class=\"wp-block-group has-white-background-color has-background has-global-padding is-layout-constrained wp-block-group-is-layout-constrained\">\n<div class=\"wp-block-columns is-not-stacked-on-mobile is-layout-flex wp-container-core-columns-is-layout-b6857b65 wp-block-columns-is-layout-flex\" style=\"padding-right:0;padding-left:0\">\n<div class=\"wp-block-column is-layout-flow wp-block-column-is-layout-flow\" style=\"flex-basis:33.33%\">\n<figure class=\"wp-block-image size-full\"><img loading=\"lazy\" decoding=\"async\" width=\"1000\" height=\"1000\" src=\"https:\/\/martinsjostedt.com\/wp-content\/uploads\/2025\/10\/Horizon.png\" alt=\"\" class=\"wp-image-545\" srcset=\"https:\/\/martinsjostedt.com\/wp-content\/uploads\/2025\/10\/Horizon.png 1000w, https:\/\/martinsjostedt.com\/wp-content\/uploads\/2025\/10\/Horizon-300x300.png 300w, https:\/\/martinsjostedt.com\/wp-content\/uploads\/2025\/10\/Horizon-150x150.png 150w\" sizes=\"auto, (max-width: 1000px) 100vw, 1000px\" \/><\/figure>\n\n\n\n<div class=\"wp-block-columns is-layout-flex wp-container-core-columns-is-layout-42c86f53 wp-block-columns-is-layout-flex\" style=\"margin-top:var(--wp--preset--spacing--x-small);margin-bottom:var(--wp--preset--spacing--x-small);padding-top:0;padding-right:0;padding-bottom:0;padding-left:0\">\n<div class=\"wp-block-column is-vertically-aligned-top is-layout-flow wp-block-column-is-layout-flow\" style=\"flex-basis:15%\">\n<figure class=\"wp-block-image alignleft size-full\" style=\"margin-top:0;margin-right:0;margin-bottom:0;margin-left:0\"><img loading=\"lazy\" decoding=\"async\" width=\"50\" height=\"50\" src=\"https:\/\/martinsjostedt.com\/wp-content\/uploads\/2025\/11\/BASSCLEF.png\" alt=\"\" class=\"wp-image-670\"\/><\/figure>\n<\/div>\n\n\n\n<div class=\"wp-block-column is-layout-flow wp-block-column-is-layout-flow\" style=\"flex-basis:85%\">\n<h5 class=\"wp-block-heading has-text-align-left has-primary-color has-text-color has-link-color wp-elements-50e2318968cab330fadef2046e1da4c6\" style=\"margin-top:2px;margin-right:0;margin-bottom:2px;margin-left:0;font-size:clamp(14px, 0.875rem + ((1vw - 3.2px) * 0.354), 18px);\">TRACKS<\/h5>\n\n\n\n<p class=\"has-text-align-left has-x-small-font-size\" style=\"margin-top:5px;margin-bottom:5px\">Butterfly (Herbie Hancock)<br>Intervals (Martin Sj\u00f6stedt)<br>Donna Lee (Charlie Parker)<br>The Wedding (Abdullah Ibrahim)<br>Mulgrew (Martin Sj\u00f6stedt)<br>26-2 (John Coltrane)<br>Tengtones (Martin Sj\u00f6stedt)<br>Equinox (John Coltrane)<\/p>\n<\/div>\n<\/div>\n\n\n\n<hr class=\"wp-block-separator has-text-color has-lightgrey-color has-alpha-channel-opacity has-lightgrey-background-color has-background is-style-wide\" style=\"margin-top:var(--wp--preset--spacing--x-small);margin-bottom:var(--wp--preset--spacing--x-small)\"\/>\n\n\n\n<div class=\"wp-block-columns is-layout-flex wp-container-core-columns-is-layout-9c22b1e3 wp-block-columns-is-layout-flex\">\n<div class=\"wp-block-column is-vertically-aligned-top is-layout-flow wp-block-column-is-layout-flow\" style=\"flex-basis:15%\">\n<figure class=\"wp-block-image alignleft size-full\" style=\"margin-top:0;margin-right:0;margin-bottom:0;margin-left:0\"><img loading=\"lazy\" decoding=\"async\" width=\"50\" height=\"50\" src=\"https:\/\/martinsjostedt.com\/wp-content\/uploads\/2025\/11\/BASSCLEF.png\" alt=\"\" class=\"wp-image-670\"\/><\/figure>\n<\/div>\n\n\n\n<div class=\"wp-block-column is-layout-flow wp-block-column-is-layout-flow\" style=\"flex-basis:85%\">\n<h5 class=\"wp-block-heading has-text-align-left has-primary-color has-text-color has-link-color wp-elements-2a469b1dd0cc5300fee0fed233f91cdf\" style=\"margin-top:2px;margin-right:0;margin-bottom:2px;margin-left:0;font-size:clamp(14px, 0.875rem + ((1vw - 3.2px) * 0.354), 18px);\">MUSICIANS<\/h5>\n\n\n\n<p class=\"has-text-align-left has-x-small-font-size\" style=\"margin-top:5px;margin-bottom:5px\">Stockholm Jazz Orchestra<br>Niklas Fernqvist \u2013 double bass<br>Adam Ross &#8211; drums<br>Peter Dahlgren &#8211; trombone<br>Karn Hammar &#8211; trombone<br>Hannes Junestav &#8211; trombone<br>Anders Viborg \u2013 bass trombone<br>Fredrik Noren &#8211; trumpet<br>Karl Olandersson &#8211; trumpet<br>Nils Janson &#8211; trumpet<br>Magnus Broo \u2013 trumpet<br>Fredrik Kronkvist \u2013 alto sax, flute<br>Johan Christoffersson \u2013 alto sax, flute<br>Karl-Martin Almqvist \u2013 tenor sax, clarinet<br>Andreas Gidlund tenor, cl, flute<br>Fredrik Lindorf &#8211; baritone sax, bass cl<\/p>\n<\/div>\n<\/div>\n\n\n\n<hr class=\"wp-block-separator has-text-color has-lightgrey-color has-alpha-channel-opacity has-lightgrey-background-color has-background is-style-wide\" style=\"margin-top:var(--wp--preset--spacing--x-small);margin-bottom:var(--wp--preset--spacing--x-small)\"\/>\n\n\n\n<div class=\"wp-block-columns is-layout-flex wp-container-core-columns-is-layout-9c22b1e3 wp-block-columns-is-layout-flex\">\n<div class=\"wp-block-column is-vertically-aligned-top is-layout-flow wp-block-column-is-layout-flow\" style=\"flex-basis:15%\">\n<figure class=\"wp-block-image alignleft size-full\" style=\"margin-top:0;margin-right:0;margin-bottom:0;margin-left:0\"><img loading=\"lazy\" decoding=\"async\" width=\"50\" height=\"50\" src=\"https:\/\/martinsjostedt.com\/wp-content\/uploads\/2025\/11\/BASSCLEF.png\" alt=\"\" class=\"wp-image-670\"\/><\/figure>\n<\/div>\n\n\n\n<div class=\"wp-block-column is-layout-flow wp-block-column-is-layout-flow\" style=\"flex-basis:85%\">\n<h5 class=\"wp-block-heading has-text-align-left has-primary-color has-text-color has-link-color has-medium-font-size wp-elements-3e522debcf6c95e693f267240f760c87\" style=\"margin-top:2px;margin-right:0;margin-bottom:2px;margin-left:0\">CREDITS<\/h5>\n\n\n\n<p class=\"has-text-align-left has-x-small-font-size\" style=\"margin-top:5px;margin-bottom:5px\">Produced by Martin Sj\u00f6stedt<br>Executive producer Martin Hummel<br>Cover design by Martin Sj\u00f6stedt<br>Recorded at Nilento Studios<br>Engineer Lasse Nilsson<br><\/p>\n<\/div>\n<\/div>\n<\/div>\n\n\n\n<div class=\"wp-block-column is-layout-flow wp-block-column-is-layout-flow\" style=\"flex-basis:66.66%\">\n<div class=\"wp-block-columns is-layout-flex wp-container-core-columns-is-layout-28f84493 wp-block-columns-is-layout-flex\">\n<div class=\"wp-block-column is-vertically-aligned-center is-layout-flow wp-block-column-is-layout-flow\">\n<p><\/p>\n<\/div>\n\n\n\n<div class=\"wp-block-column is-layout-flow wp-block-column-is-layout-flow\">\n<div class=\"wp-block-buttons is-horizontal is-content-justification-right is-layout-flex wp-container-core-buttons-is-layout-30af2ff6 wp-block-buttons-is-layout-flex\">\n<div class=\"wp-block-button is-style-fill\"><a class=\"wp-block-button__link has-background has-text-align-right wp-element-button\" href=\"https:\/\/martinsjostedt.bandcamp.com\/album\/horizon\" style=\"border-radius:25px;background-color:#940909\">BUY ALBUM<\/a><\/div>\n<\/div>\n<\/div>\n<\/div>\n\n\n\n<h2 class=\"wp-block-heading\" style=\"margin-top:0px;margin-right:4px;margin-bottom:0px;margin-left:4px;line-height:0.6\">STHLM JAZZ ORCHESTRA<\/h2>\n\n\n\n<h1 class=\"wp-block-heading has-x-large-font-size\" style=\"margin-top:0px;margin-right:0;margin-bottom:0px;margin-left:0\">HORIZON<\/h1>\n\n\n\n<h1 class=\"wp-block-heading has-x-small-font-size\" style=\"margin-top:0px;margin-right:0;margin-bottom:0px;margin-left:0\">UBUNTU MUSIC 2025<\/h1>\n\n\n\n<p>&#8221;One hears Martin\u2019s re-imaginings in his arrangements of jazz standards; Butterfly, Donna Lee, 26-2 and Equinox. He has uncovered hidden elements buried in this music that have been patiently waiting for his discovery. And it was worth the wait! His original suspenseful and extremely gorgeous compositions allow the listener an intimate view of Martin\u2019s multi-faceted opinion of just how music should sound.&#8221; Liner notes by Tim Hagans<\/p>\n\n\n\n<p>Horizon features four of Martin\u2019s original compositions as well as arrangements of key pieces by John Coltrane, Herbie Hancock, Abdullah Ibrahim and Charlie Parker, all dedicated and specially written or arranged for a soloist\/member of the band. With this recording, Martin delves even deeper into the vision of creating freedom for the band&#8217;s members, much like a piano trio or quartet, but all within the framework that personifies a big band. \u201cIt&#8217;s a significant challenge but also a privilege to write for some of the members I&#8217;ve not only toured with for almost 20 years but also consider close friends,\u201d says Martin. \u201cI aim to create a musical framework where the soloist feels completely liberated while also allowing myself to communicate and challenge through the large ensemble. I now realise that all the music I compose for larger ensembles aims to provide a sense of personal involvement for everyone and allows space for each individual&#8217;s unique personality.&#8221;<\/p>\n\n\n\n<figure class=\"wp-block-embed is-type-video is-provider-youtube wp-block-embed-youtube wp-embed-aspect-16-9 wp-has-aspect-ratio\"><div class=\"wp-block-embed__wrapper\">\n<iframe loading=\"lazy\" title=\"New record with Martin Sj\u00f6stedt - HORIZON feat Stockholm Jazz Orchestra\" width=\"950\" height=\"534\" src=\"https:\/\/www.youtube.com\/embed\/Ex54LYJamXg?feature=oembed\" frameborder=\"0\" allow=\"accelerometer; autoplay; clipboard-write; encrypted-media; gyroscope; picture-in-picture; web-share\" referrerpolicy=\"strict-origin-when-cross-origin\" allowfullscreen><\/iframe>\n<\/div><\/figure>\n\n\n\n<figure class=\"wp-block-embed is-type-rich is-provider-spotify wp-block-embed-spotify\"><div class=\"wp-block-embed__wrapper\">\n<iframe title=\"Spotify Embed: Horizon\" style=\"border-radius: 12px\" width=\"100%\" height=\"352\" frameborder=\"0\" allowfullscreen allow=\"autoplay; clipboard-write; encrypted-media; fullscreen; picture-in-picture\" loading=\"lazy\" src=\"https:\/\/open.spotify.com\/embed\/album\/14FXL0F4RXJzpFPr0vDB0H?si=1O7NuWywSbiSydGiOVjILA&#038;utm_source=oembed\"><\/iframe>\n<\/div><\/figure>\n\n\n\n<figure class=\"wp-block-embed is-type-video is-provider-youtube wp-block-embed-youtube wp-embed-aspect-16-9 wp-has-aspect-ratio\"><div class=\"wp-block-embed__wrapper\">\n<iframe loading=\"lazy\" title=\"Martin Sj\u00f6stedt (2024) Horizon\" width=\"950\" height=\"534\" src=\"https:\/\/www.youtube.com\/embed\/_tkM-MJtMCI?start=439&#038;feature=oembed\" frameborder=\"0\" allow=\"accelerometer; autoplay; clipboard-write; encrypted-media; gyroscope; picture-in-picture; web-share\" referrerpolicy=\"strict-origin-when-cross-origin\" allowfullscreen><\/iframe>\n<\/div><\/figure>\n<\/div>\n<\/div>\n<\/div>\n\n\n\n<p><\/p>\n","protected":false},"excerpt":{"rendered":"<p>TRACKS Butterfly (Herbie Hancock)Intervals (Martin Sj\u00f6stedt)Donna Lee (Charlie Parker)The Wedding (Abdullah Ibrahim)Mulgrew (Martin Sj\u00f6stedt)26-2 (John Coltrane)Tengtones (Martin Sj\u00f6stedt)Equinox (John Coltrane) MUSICIANS Stockholm Jazz OrchestraNiklas Fernqvist \u2013 double bassAdam Ross &#8211; drumsPeter Dahlgren &#8211; tromboneKarn Hammar &#8211; tromboneHannes Junestav &#8211; tromboneAnders Viborg \u2013 bass tromboneFredrik Noren &#8211; trumpetKarl Olandersson &#8211; trumpetNils Janson &#8211; trumpetMagnus Broo \u2013 &hellip; <\/p>\n<p class=\"link-more\"><a href=\"https:\/\/martinsjostedt.com\/?page_id=760\" class=\"more-link\">L\u00e4s mer<span class=\"screen-reader-text\"> \u201dHORIZON\u201d<\/span><\/a><\/p>\n","protected":false},"author":1,"featured_media":0,"parent":34,"menu_order":3,"comment_status":"closed","ping_status":"closed","template":"page-templates\/full-width-transparent.php","meta":{"_acf_changed":false,"footnotes":""},"class_list":["post-760","page","type-page","status-publish","hentry"],"acf":[],"_links":{"self":[{"href":"https:\/\/martinsjostedt.com\/index.php?rest_route=\/wp\/v2\/pages\/760","targetHints":{"allow":["GET"]}}],"collection":[{"href":"https:\/\/martinsjostedt.com\/index.php?rest_route=\/wp\/v2\/pages"}],"about":[{"href":"https:\/\/martinsjostedt.com\/index.php?rest_route=\/wp\/v2\/types\/page"}],"author":[{"embeddable":true,"href":"https:\/\/martinsjostedt.com\/index.php?rest_route=\/wp\/v2\/users\/1"}],"replies":[{"embeddable":true,"href":"https:\/\/martinsjostedt.com\/index.php?rest_route=%2Fwp%2Fv2%2Fcomments&post=760"}],"version-history":[{"count":4,"href":"https:\/\/martinsjostedt.com\/index.php?rest_route=\/wp\/v2\/pages\/760\/revisions"}],"predecessor-version":[{"id":765,"href":"https:\/\/martinsjostedt.com\/index.php?rest_route=\/wp\/v2\/pages\/760\/revisions\/765"}],"up":[{"embeddable":true,"href":"https:\/\/martinsjostedt.com\/index.php?rest_route=\/wp\/v2\/pages\/34"}],"wp:attachment":[{"href":"https:\/\/martinsjostedt.com\/index.php?rest_route=%2Fwp%2Fv2%2Fmedia&parent=760"}],"curies":[{"name":"wp","href":"https:\/\/api.w.org\/{rel}","templated":true}]}}